{"id":1528,"date":"2018-05-27T19:48:05","date_gmt":"2018-05-27T17:48:05","guid":{"rendered":"https:\/\/ircamex.com\/societe\/"},"modified":"2022-10-13T18:00:36","modified_gmt":"2022-10-13T16:00:36","slug":"about-us","status":"publish","type":"page","link":"https:\/\/ircamex.com\/en\/about-us\/","title":{"rendered":"About us"},"content":{"rendered":"<section class=\"l-section wpb_row cut left orange demi-coupe-filigrane height_medium with_img\"><div class=\"l-section-img\" role=\"img\" data-img-width=\"3000\" data-img-height=\"1600\" style=\"background-image: url(https:\/\/ircamex.com\/wp-content\/uploads\/2018\/09\/fond-wires.png);background-position: top center;\"><\/div><div class=\"l-section-h i-cf\"><div class=\"g-cols vc_row via_flex valign_top type_default stacking_default\"><div class=\"vc_col-sm-12 wpb_column vc_column_container\"><div class=\"vc_column-inner\"><div class=\"wpb_wrapper\"><div class=\"g-cols wpb_row via_flex valign_top type_default stacking_default\"><div class=\"vc_col-sm-12 wpb_column vc_column_container\"><div class=\"vc_column-inner\"><div class=\"wpb_wrapper\"><div class=\"wpb_text_column\"><div class=\"wpb_wrapper\"><h1 class=\"underline\" style=\"text-align: center;\">Our story<\/h1>\n<\/div><\/div><div class=\"wpb_text_column\"><div class=\"wpb_wrapper\"><p><strong>Created in 2009<\/strong> in Nantes, in western France, IRCAMEX became independent in 2012.<\/p>\n<p>Through continued <strong>research of gas leaks<\/strong>, primarily in <strong>high voltage equipment<\/strong>, IRCAMEX developed unique <strong>expertise<\/strong> which advanced an <strong>ambitious programme of 4 years of research and development<\/strong>. The aim was to address the need of operators to prevent releases of greenhouse gas into the atmosphere.<\/p>\n<p>In the beginning, this <strong>study project<\/strong> took the form of trial and error: we made models from Lego and \u00a0plasticine, which we then used to create our own moulds for a <strong>selection of prototypes<\/strong>, then we moved onto 3D printing, and finally, in 2013, we were able to file for our first patented containment system.<\/p>\n<p><strong>At the end of the four years of research and development<\/strong> we successfully installed <strong>our first sealing systems in 2016<\/strong>.<\/p>\n<p>In 2017, based on the success of our original products <strong>we expanded our range of solutions<\/strong>.<\/p>\n<p><strong>Our process became further refined<\/strong> thanks to the acquisition of a <strong>3D scanner<\/strong> which facilitates a faster and more reliable format for taking measurements. Consequently, our sealing systems can be produced, delivered and installed on site in greatly reduced timescales.<\/p>\n<p>In <strong>2019<\/strong>, after <strong>10 years of existence<\/strong>, we enlarged our expertise and portfolio, looking further into on-site deployment and <strong>expanding our team of experts<\/strong>!<\/p>\n<p>On 31th of <strong>March 2021<\/strong>, <strong>we integrated into the MasterGrid group<\/strong>, experts in high voltage services, to create <strong>the largest portfolio of SF6 management solutions from leak detection to sealing systems and equipment repair<\/strong>.<\/p>\n<\/div><\/div><\/div><\/div><\/div><\/div><\/div><\/div><\/div><\/div><\/div><\/section><section class=\"l-section wpb_row cut left blue gradient height_medium color_primary\"><div class=\"l-section-h i-cf\"><div class=\"g-cols vc_row via_flex valign_top type_default stacking_default\"><div class=\"vc_col-sm-12 wpb_column vc_column_container\"><div class=\"vc_column-inner\"><div class=\"wpb_wrapper\"><div class=\"wpb_text_column\"><div class=\"wpb_wrapper\"><h1 class=\"underline\" style=\"text-align: center;\">Our evolution<\/h1>\n<\/div><\/div><div class=\"w-separator size_large\"><\/div><div class=\"g-cols wpb_row via_flex valign_top type_default stacking_default\"><div class=\"vc_col-sm-3 wpb_column vc_column_container\"><div class=\"vc_column-inner\"><div class=\"wpb_wrapper\"><div class=\"wpb_text_column\"><div class=\"wpb_wrapper\"><h4 style=\"text-align: center;\">Equipment &amp; sites inspected<\/h4>\n<\/div><\/div><div class=\"w-counter us_custom_b183af03 color_custom align_center has_font_size\" data-duration=\"2\"><div class=\"w-counter-value\" style=\"color:#ffffff;\"><span class=\"w-counter-value-part type_text\" data-final=\"&gt;\">&gt;<\/span><span class=\"w-counter-value-part type_number\" data-final=\"4000\">0<\/span><span class=\"w-counter-value-part type_text\" data-final=\"\"><\/span><\/div><\/div><\/div><\/div><\/div><div class=\"vc_col-sm-3 wpb_column vc_column_container\"><div class=\"vc_column-inner\"><div class=\"wpb_wrapper\"><div class=\"wpb_text_column\"><div class=\"wpb_wrapper\"><h4 style=\"text-align: center;\">Patents<br \/>\nfiled<\/h4>\n<\/div><\/div><div class=\"w-counter us_custom_b183af03 color_custom align_center has_font_size\" data-duration=\"2\"><div class=\"w-counter-value\" style=\"color:#ffffff;\"><span class=\"w-counter-value-part type_text\" data-final=\"\"><\/span><span class=\"w-counter-value-part type_number\" data-final=\"3\">0<\/span><span class=\"w-counter-value-part type_text\" data-final=\" patents\"> patents<\/span><\/div><\/div><\/div><\/div><\/div><div class=\"vc_col-sm-3 wpb_column vc_column_container\"><div class=\"vc_column-inner\"><div class=\"wpb_wrapper\"><div class=\"wpb_text_column\"><div class=\"wpb_wrapper\"><h4 style=\"text-align: center;\">R&amp;D invested<br \/>\n2012\/2017<\/h4>\n<\/div><\/div><div class=\"w-counter us_custom_b183af03 color_custom align_center has_font_size\" data-duration=\"2\"><div class=\"w-counter-value\" style=\"color:#ffffff;\"><span class=\"w-counter-value-part type_text\" data-final=\"&gt;\">&gt;<\/span><span class=\"w-counter-value-part type_number\" data-final=\"390\">0<\/span><span class=\"w-counter-value-part type_text\" data-final=\"K\u20ac\">K\u20ac<\/span><\/div><\/div><\/div><\/div><\/div><div class=\"vc_col-sm-3 wpb_column vc_column_container\"><div class=\"vc_column-inner\"><div class=\"wpb_wrapper\"><div class=\"wpb_text_column\"><div class=\"wpb_wrapper\"><h4 style=\"text-align: center;\">Number<br \/>\nof clients<\/h4>\n<\/div><\/div><div class=\"w-counter us_custom_b183af03 color_custom align_center has_font_size\" data-duration=\"2\"><div class=\"w-counter-value\" style=\"color:#ffffff;\"><span class=\"w-counter-value-part type_text\" data-final=\"&gt;\">&gt;<\/span><span class=\"w-counter-value-part type_number\" data-final=\"40\">0<\/span><span class=\"w-counter-value-part type_text\" data-final=\"clients\">clients<\/span><\/div><\/div><\/div><\/div><\/div><\/div><\/div><\/div><\/div><\/div><\/div><\/section><section class=\"l-section wpb_row brevet cut right height_medium color_alternate\"><div class=\"l-section-h i-cf\"><div class=\"g-cols vc_row via_flex valign_top type_default stacking_default\"><div class=\"vc_col-sm-12 wpb_column vc_column_container\"><div class=\"vc_column-inner\"><div class=\"wpb_wrapper\"><div class=\"wpb_text_column\"><div class=\"wpb_wrapper\"><h1 class=\"underline\" style=\"text-align: center;\">3 Patents<\/h1>\n<\/div><\/div><div class=\"w-separator size_large\"><\/div><div class=\"g-cols wpb_row via_flex valign_top type_default stacking_default\"><div class=\"vc_col-sm-4 wpb_column vc_column_container\"><div class=\"vc_column-inner\"><div class=\"wpb_wrapper\"><div class=\"wpb_text_column\"><div class=\"wpb_wrapper\"><h3 style=\"text-align: center;\">PATENT n\u00b01\u00a0 (2013)<\/h3>\n<p style=\"text-align: center;\">CONTAINMENT DEVICE FOR GAS LEAKS OCCURRING AT A RUPTURE DISK OF AN ELECTRICAL SUBSTATION OR A HIGH VOLTAGE CIRCUIT BREAKER WITH THE GAS INSULATION.<\/p>\n<p style=\"text-align: center;\"><em>Patent no.1358191. France\/Europe\/Canada.<\/em><\/p>\n<\/div><\/div><\/div><\/div><\/div><div class=\"vc_col-sm-4 wpb_column vc_column_container\"><div class=\"vc_column-inner\"><div class=\"wpb_wrapper\"><div class=\"wpb_text_column\"><div class=\"wpb_wrapper\"><h3 style=\"text-align: center;\">PATENT n\u00b02\u00a0 (2015)<\/h3>\n<p style=\"text-align: center;\">PROCESS FOR LOCATING A GAS LEAK<br \/>\nAND IT\u2019S SOURCE IN<br \/>\nAN INDUSTRIAL ENVIRONMENT.<\/p>\n<p>&nbsp;<\/p>\n<p style=\"text-align: center;\"><em>Patent no.1553911. France\/Europe\/Canada.<\/em><\/p>\n<\/div><\/div><\/div><\/div><\/div><div class=\"vc_col-sm-4 wpb_column vc_column_container\"><div class=\"vc_column-inner\"><div class=\"wpb_wrapper\"><div class=\"wpb_text_column\"><div class=\"wpb_wrapper\"><h3 style=\"text-align: center;\">PATENT N\u00b03\u00a0 (2015)<\/h3>\n<p style=\"text-align: center;\">CONTAINMENT DEVICE<br \/>\nFOR GAS LEAKS OCCURRING<br \/>\nIN A CONDUIT\/ PIPE\/ DUCT.<\/p>\n<p>&nbsp;<\/p>\n<p style=\"text-align: center;\"><em>Patent no.1560490 France\/Europe\/Canada<\/em><\/p>\n<\/div><\/div><\/div><\/div><\/div><\/div><\/div><\/div><\/div><\/div><\/div><\/section><section class=\"l-section wpb_row us_custom_ac7b3fab cut left gradient has_text_color height_medium\"><div class=\"l-section-h i-cf\"><div class=\"g-cols vc_row via_flex valign_top type_default stacking_default\"><div class=\"vc_col-sm-12 wpb_column vc_column_container\"><div class=\"vc_column-inner\"><div class=\"wpb_wrapper\"><div class=\"wpb_text_column\"><div class=\"wpb_wrapper\"><h1 class=\"underline\" style=\"text-align: center;\">Rules and regulationss<\/h1>\n<\/div><\/div><div class=\"w-separator size_large\"><\/div><div class=\"g-cols wpb_row via_flex valign_top type_default stacking_default\"><div class=\"vc_col-sm-3 wpb_column vc_column_container\"><div class=\"vc_column-inner\"><div class=\"wpb_wrapper\"><div class=\"w-image align_none\"><div class=\"w-image-h\"><img decoding=\"async\" width=\"1000\" height=\"750\" src=\"https:\/\/ircamex.com\/wp-content\/uploads\/2018\/10\/ircamex-protocole-kyoto.jpg\" class=\"attachment-full size-full\" alt=\"\" loading=\"lazy\" srcset=\"https:\/\/ircamex.com\/wp-content\/uploads\/2018\/10\/ircamex-protocole-kyoto.jpg 1000w, https:\/\/ircamex.com\/wp-content\/uploads\/2018\/10\/ircamex-protocole-kyoto-300x225.jpg 300w\" sizes=\"auto, (max-width: 1000px) 100vw, 1000px\" \/><\/div><\/div><\/div><\/div><\/div><div class=\"vc_col-sm-9 wpb_column vc_column_container\"><div class=\"vc_column-inner\"><div class=\"wpb_wrapper\"><div class=\"wpb_text_column\"><div class=\"wpb_wrapper\"><h2>Our global awareness<\/h2>\n<p>The global awareness of climate change and of an \u201cecological heritage\u201d to be preserved for future generations, has pushed legislators to tighten checks made on materials and to increase sustainable development in industry.<br \/>\nThe Kyoto Protocol remains the most fundamental example of the global commitment to this more environmentally aware future with 192 countries ratifying the treaty by the end of 2012.<\/p>\n<\/div><\/div><\/div><\/div><\/div><\/div><div class=\"w-separator size_large with_line width_default thick_1 style_solid color_secondary align_center\"><div class=\"w-separator-h\"><\/div><\/div><div class=\"g-cols wpb_row flip via_flex valign_top type_default stacking_default\"><div class=\"vc_col-sm-3 wpb_column vc_column_container\"><div class=\"vc_column-inner\"><div class=\"wpb_wrapper\"><div class=\"w-image align_none\"><div class=\"w-image-h\"><img decoding=\"async\" width=\"1000\" height=\"750\" src=\"https:\/\/ircamex.com\/wp-content\/uploads\/2018\/10\/ircamex-reglementation-emission-gaz.jpg\" class=\"attachment-full size-full\" alt=\"\" loading=\"lazy\" srcset=\"https:\/\/ircamex.com\/wp-content\/uploads\/2018\/10\/ircamex-reglementation-emission-gaz.jpg 1000w, https:\/\/ircamex.com\/wp-content\/uploads\/2018\/10\/ircamex-reglementation-emission-gaz-300x225.jpg 300w\" sizes=\"auto, (max-width: 1000px) 100vw, 1000px\" \/><\/div><\/div><\/div><\/div><\/div><div class=\"vc_col-sm-9 wpb_column vc_column_container\"><div class=\"vc_column-inner\"><div class=\"wpb_wrapper\"><div class=\"wpb_text_column\"><div class=\"wpb_wrapper\"><h2>Evolving Regulations<\/h2>\n<p>Regulations change periodically to allow the industrial sectors concerned to gradually make the necessary changes.<br \/>\nAn economic and societal issue, the monitoring and reporting of gas emissions are part of the legal obligations imposed by public authorities.<\/p>\n<\/div><\/div><\/div><\/div><\/div><\/div><\/div><\/div><\/div><\/div><\/div><\/section><section class=\"l-section wpb_row cut right orange height_medium color_alternate\"><div class=\"l-section-h i-cf\"><div class=\"g-cols vc_row via_flex valign_top type_default stacking_default\"><div class=\"vc_col-sm-12 wpb_column vc_column_container\"><div class=\"vc_column-inner\"><div class=\"wpb_wrapper\"><div class=\"wpb_text_column\" id=\"a\"><div class=\"wpb_wrapper\"><h1 class=\"underline\" style=\"text-align: center;\">News: regulations<\/h1>\n<\/div><\/div><div class=\"w-separator size_large\"><\/div><div class=\"g-cols wpb_row via_flex valign_top type_default stacking_default\"><div class=\"vc_col-sm-12 wpb_column vc_column_container\"><div class=\"vc_column-inner\"><div class=\"wpb_wrapper\"><div class=\"w-grid type_grid layout_104 hidden cols_3\" id=\"us_grid_1\" style=\"--columns:3;--gap:1.5rem;\" data-filterable=\"true\"><style>@media (max-width:1024px){#us_grid_1{--columns:2!important}}@media (max-width:600px){#us_grid_1{--columns:1!important}}.layout_104 .w-grid-item-h{}.layout_104 .usg_post_image_1{margin-bottom:1rem!important}.layout_104 .usg_post_content_1{margin-top:0.5rem!important}.layout_104 .usg_post_title_1{font-family:var(--h1-font-family)!important;font-size:1.2rem!important;text-transform:uppercase!important}<\/style><div class=\"w-grid-list\"><\/div><div class=\"w-grid-preloader\">\t<div class=\"g-preloader type_1\">\r\n\t\t<div><\/div>\r\n\t<\/div>\r\n\t<\/div>\t<div class=\"w-grid-json hidden\" onclick='return {&quot;action&quot;:&quot;us_ajax_grid&quot;,&quot;infinite_scroll&quot;:0,&quot;max_num_pages&quot;:0,&quot;pagination&quot;:&quot;none&quot;,&quot;template_vars&quot;:{&quot;columns&quot;:&quot;3&quot;,&quot;exclude_items&quot;:&quot;none&quot;,&quot;img_size&quot;:&quot;default&quot;,&quot;ignore_items_size&quot;:0,&quot;items_layout&quot;:&quot;104&quot;,&quot;items_offset&quot;:&quot;1&quot;,&quot;load_animation&quot;:&quot;none&quot;,&quot;overriding_link&quot;:&quot;{\\&quot;url\\&quot;:\\&quot;\\&quot;}&quot;,&quot;post_id&quot;:0,&quot;query_args&quot;:{&quot;post_type&quot;:[&quot;post&quot;],&quot;tax_query&quot;:[{&quot;taxonomy&quot;:&quot;category&quot;,&quot;field&quot;:&quot;slug&quot;,&quot;terms&quot;:[&quot;reglementations&quot;]}],&quot;post_status&quot;:[&quot;publish&quot;,&quot;expired&quot;,&quot;acf-disabled&quot;],&quot;posts_per_page&quot;:&quot;3&quot;},&quot;orderby_query_args&quot;:{&quot;orderby&quot;:{&quot;date&quot;:&quot;DESC&quot;}},&quot;type&quot;:&quot;grid&quot;,&quot;us_grid_post_type&quot;:&quot;post&quot;,&quot;us_grid_ajax_index&quot;:1,&quot;us_grid_filter_query_string&quot;:null,&quot;us_grid_index&quot;:1,&quot;page_args&quot;:[],&quot;lang&quot;:&quot;en&quot;}}'><\/div>\r\n\t<\/div><div class=\"w-grid-none type_message\">No results found.<\/div><\/div><\/div><\/div><\/div><\/div><\/div><\/div><\/div><\/div><\/section>\n","protected":false},"excerpt":{"rendered":"Our story Created in 2009 in Nantes, in western France, IRCAMEX became independent in 2012. Through continued research of gas leaks, primarily in high voltage equipment, IRCAMEX developed unique expertise which advanced an ambitious programme of 4 years of research and development. The aim was to address the need of operators to prevent releases of...","protected":false},"author":2,"featured_media":1530,"parent":0,"menu_order":2,"comment_status":"closed","ping_status":"closed","template":"","meta":{"_acf_changed":false,"footnotes":""},"class_list":["post-1528","page","type-page","status-publish","has-post-thumbnail","hentry"],"acf":[],"yoast_head":"<!-- This site is optimized with the Yoast SEO plugin v25.2 - https:\/\/yoast.com\/wordpress\/plugins\/seo\/ -->\n<title>IRCAMEX soci\u00e9t\u00e9 fran\u00e7aise innovante accompagn\u00e9e par Atlanpole<\/title>\n<meta name=\"description\" content=\"Ircamex, est une soci\u00e9t\u00e9 fran\u00e7aise innovante ayant d\u00e9pos\u00e9 3 brevets prot\u00e9geant des syst\u00e8mes de confinement de fuites de gaz.\" \/>\n<meta name=\"robots\" content=\"index, follow, max-snippet:-1, max-image-preview:large, max-video-preview:-1\" \/>\n<link rel=\"canonical\" href=\"https:\/\/ircamex.com\/en\/about-us\/\" \/>\n<meta property=\"og:locale\" content=\"en_US\" \/>\n<meta property=\"og:type\" content=\"article\" \/>\n<meta property=\"og:title\" content=\"IRCAMEX soci\u00e9t\u00e9 fran\u00e7aise innovante accompagn\u00e9e par Atlanpole\" \/>\n<meta property=\"og:description\" content=\"Ircamex, est une soci\u00e9t\u00e9 fran\u00e7aise innovante ayant d\u00e9pos\u00e9 3 brevets prot\u00e9geant des syst\u00e8mes de confinement de fuites de gaz.\" \/>\n<meta property=\"og:url\" content=\"https:\/\/ircamex.com\/en\/about-us\/\" \/>\n<meta property=\"og:site_name\" content=\"Ircamex\" \/>\n<meta property=\"article:modified_time\" content=\"2022-10-13T16:00:36+00:00\" \/>\n<meta property=\"og:image\" content=\"https:\/\/ircamex.com\/wp-content\/uploads\/2018\/10\/ircamex-confinement-atmo-5.jpg\" \/>\n\t<meta property=\"og:image:width\" content=\"1000\" \/>\n\t<meta property=\"og:image:height\" content=\"750\" \/>\n\t<meta property=\"og:image:type\" content=\"image\/jpeg\" \/>\n<meta name=\"twitter:card\" content=\"summary_large_image\" \/>\n<meta name=\"twitter:label1\" content=\"Est. reading time\" \/>\n\t<meta name=\"twitter:data1\" content=\"3 minutes\" \/>\n<script type=\"application\/ld+json\" class=\"yoast-schema-graph\">{\"@context\":\"https:\/\/schema.org\",\"@graph\":[{\"@type\":\"WebPage\",\"@id\":\"https:\/\/ircamex.com\/en\/about-us\/\",\"url\":\"https:\/\/ircamex.com\/en\/about-us\/\",\"name\":\"IRCAMEX soci\u00e9t\u00e9 fran\u00e7aise innovante accompagn\u00e9e par Atlanpole\",\"isPartOf\":{\"@id\":\"https:\/\/ircamex.com\/#website\"},\"primaryImageOfPage\":{\"@id\":\"https:\/\/ircamex.com\/en\/about-us\/#primaryimage\"},\"image\":{\"@id\":\"https:\/\/ircamex.com\/en\/about-us\/#primaryimage\"},\"thumbnailUrl\":\"https:\/\/ircamex.com\/wp-content\/uploads\/2018\/10\/ircamex-confinement-atmo-5.jpg\",\"datePublished\":\"2018-05-27T17:48:05+00:00\",\"dateModified\":\"2022-10-13T16:00:36+00:00\",\"description\":\"Ircamex, est une soci\u00e9t\u00e9 fran\u00e7aise innovante ayant d\u00e9pos\u00e9 3 brevets prot\u00e9geant des syst\u00e8mes de confinement de fuites de gaz.\",\"breadcrumb\":{\"@id\":\"https:\/\/ircamex.com\/en\/about-us\/#breadcrumb\"},\"inLanguage\":\"en-US\",\"potentialAction\":[{\"@type\":\"ReadAction\",\"target\":[\"https:\/\/ircamex.com\/en\/about-us\/\"]}]},{\"@type\":\"ImageObject\",\"inLanguage\":\"en-US\",\"@id\":\"https:\/\/ircamex.com\/en\/about-us\/#primaryimage\",\"url\":\"https:\/\/ircamex.com\/wp-content\/uploads\/2018\/10\/ircamex-confinement-atmo-5.jpg\",\"contentUrl\":\"https:\/\/ircamex.com\/wp-content\/uploads\/2018\/10\/ircamex-confinement-atmo-5.jpg\",\"width\":1000,\"height\":750},{\"@type\":\"BreadcrumbList\",\"@id\":\"https:\/\/ircamex.com\/en\/about-us\/#breadcrumb\",\"itemListElement\":[{\"@type\":\"ListItem\",\"position\":1,\"name\":\"Accueil\",\"item\":\"https:\/\/ircamex.com\/en\/\"},{\"@type\":\"ListItem\",\"position\":2,\"name\":\"About us\"}]},{\"@type\":\"WebSite\",\"@id\":\"https:\/\/ircamex.com\/#website\",\"url\":\"https:\/\/ircamex.com\/\",\"name\":\"Ircamex\",\"description\":\"Gas Detection &amp; Confining Systems\",\"publisher\":{\"@id\":\"https:\/\/ircamex.com\/#organization\"},\"potentialAction\":[{\"@type\":\"SearchAction\",\"target\":{\"@type\":\"EntryPoint\",\"urlTemplate\":\"https:\/\/ircamex.com\/?s={search_term_string}\"},\"query-input\":{\"@type\":\"PropertyValueSpecification\",\"valueRequired\":true,\"valueName\":\"search_term_string\"}}],\"inLanguage\":\"en-US\"},{\"@type\":\"Organization\",\"@id\":\"https:\/\/ircamex.com\/#organization\",\"name\":\"IRCAMEX\",\"url\":\"https:\/\/ircamex.com\/\",\"logo\":{\"@type\":\"ImageObject\",\"inLanguage\":\"en-US\",\"@id\":\"https:\/\/ircamex.com\/#\/schema\/logo\/image\/\",\"url\":\"https:\/\/ircamex.com\/wp-content\/uploads\/2018\/05\/2018.10.03-LOGO-RVB.svg\",\"contentUrl\":\"https:\/\/ircamex.com\/wp-content\/uploads\/2018\/05\/2018.10.03-LOGO-RVB.svg\",\"width\":\"1024\",\"height\":\"1024\",\"caption\":\"IRCAMEX\"},\"image\":{\"@id\":\"https:\/\/ircamex.com\/#\/schema\/logo\/image\/\"}}]}<\/script>\n<!-- \/ Yoast SEO plugin. -->","yoast_head_json":{"title":"IRCAMEX soci\u00e9t\u00e9 fran\u00e7aise innovante accompagn\u00e9e par Atlanpole","description":"Ircamex, est une soci\u00e9t\u00e9 fran\u00e7aise innovante ayant d\u00e9pos\u00e9 3 brevets prot\u00e9geant des syst\u00e8mes de confinement de fuites de gaz.","robots":{"index":"index","follow":"follow","max-snippet":"max-snippet:-1","max-image-preview":"max-image-preview:large","max-video-preview":"max-video-preview:-1"},"canonical":"https:\/\/ircamex.com\/en\/about-us\/","og_locale":"en_US","og_type":"article","og_title":"IRCAMEX soci\u00e9t\u00e9 fran\u00e7aise innovante accompagn\u00e9e par Atlanpole","og_description":"Ircamex, est une soci\u00e9t\u00e9 fran\u00e7aise innovante ayant d\u00e9pos\u00e9 3 brevets prot\u00e9geant des syst\u00e8mes de confinement de fuites de gaz.","og_url":"https:\/\/ircamex.com\/en\/about-us\/","og_site_name":"Ircamex","article_modified_time":"2022-10-13T16:00:36+00:00","og_image":[{"width":1000,"height":750,"url":"https:\/\/ircamex.com\/wp-content\/uploads\/2018\/10\/ircamex-confinement-atmo-5.jpg","type":"image\/jpeg"}],"twitter_card":"summary_large_image","twitter_misc":{"Est. reading time":"3 minutes"},"schema":{"@context":"https:\/\/schema.org","@graph":[{"@type":"WebPage","@id":"https:\/\/ircamex.com\/en\/about-us\/","url":"https:\/\/ircamex.com\/en\/about-us\/","name":"IRCAMEX soci\u00e9t\u00e9 fran\u00e7aise innovante accompagn\u00e9e par Atlanpole","isPartOf":{"@id":"https:\/\/ircamex.com\/#website"},"primaryImageOfPage":{"@id":"https:\/\/ircamex.com\/en\/about-us\/#primaryimage"},"image":{"@id":"https:\/\/ircamex.com\/en\/about-us\/#primaryimage"},"thumbnailUrl":"https:\/\/ircamex.com\/wp-content\/uploads\/2018\/10\/ircamex-confinement-atmo-5.jpg","datePublished":"2018-05-27T17:48:05+00:00","dateModified":"2022-10-13T16:00:36+00:00","description":"Ircamex, est une soci\u00e9t\u00e9 fran\u00e7aise innovante ayant d\u00e9pos\u00e9 3 brevets prot\u00e9geant des syst\u00e8mes de confinement de fuites de gaz.","breadcrumb":{"@id":"https:\/\/ircamex.com\/en\/about-us\/#breadcrumb"},"inLanguage":"en-US","potentialAction":[{"@type":"ReadAction","target":["https:\/\/ircamex.com\/en\/about-us\/"]}]},{"@type":"ImageObject","inLanguage":"en-US","@id":"https:\/\/ircamex.com\/en\/about-us\/#primaryimage","url":"https:\/\/ircamex.com\/wp-content\/uploads\/2018\/10\/ircamex-confinement-atmo-5.jpg","contentUrl":"https:\/\/ircamex.com\/wp-content\/uploads\/2018\/10\/ircamex-confinement-atmo-5.jpg","width":1000,"height":750},{"@type":"BreadcrumbList","@id":"https:\/\/ircamex.com\/en\/about-us\/#breadcrumb","itemListElement":[{"@type":"ListItem","position":1,"name":"Accueil","item":"https:\/\/ircamex.com\/en\/"},{"@type":"ListItem","position":2,"name":"About us"}]},{"@type":"WebSite","@id":"https:\/\/ircamex.com\/#website","url":"https:\/\/ircamex.com\/","name":"Ircamex","description":"Gas Detection &amp; Confining Systems","publisher":{"@id":"https:\/\/ircamex.com\/#organization"},"potentialAction":[{"@type":"SearchAction","target":{"@type":"EntryPoint","urlTemplate":"https:\/\/ircamex.com\/?s={search_term_string}"},"query-input":{"@type":"PropertyValueSpecification","valueRequired":true,"valueName":"search_term_string"}}],"inLanguage":"en-US"},{"@type":"Organization","@id":"https:\/\/ircamex.com\/#organization","name":"IRCAMEX","url":"https:\/\/ircamex.com\/","logo":{"@type":"ImageObject","inLanguage":"en-US","@id":"https:\/\/ircamex.com\/#\/schema\/logo\/image\/","url":"https:\/\/ircamex.com\/wp-content\/uploads\/2018\/05\/2018.10.03-LOGO-RVB.svg","contentUrl":"https:\/\/ircamex.com\/wp-content\/uploads\/2018\/05\/2018.10.03-LOGO-RVB.svg","width":"1024","height":"1024","caption":"IRCAMEX"},"image":{"@id":"https:\/\/ircamex.com\/#\/schema\/logo\/image\/"}}]}},"_links":{"self":[{"href":"https:\/\/ircamex.com\/en\/wp-json\/wp\/v2\/pages\/1528","targetHints":{"allow":["GET"]}}],"collection":[{"href":"https:\/\/ircamex.com\/en\/wp-json\/wp\/v2\/pages"}],"about":[{"href":"https:\/\/ircamex.com\/en\/wp-json\/wp\/v2\/types\/page"}],"author":[{"embeddable":true,"href":"https:\/\/ircamex.com\/en\/wp-json\/wp\/v2\/users\/2"}],"replies":[{"embeddable":true,"href":"https:\/\/ircamex.com\/en\/wp-json\/wp\/v2\/comments?post=1528"}],"version-history":[{"count":12,"href":"https:\/\/ircamex.com\/en\/wp-json\/wp\/v2\/pages\/1528\/revisions"}],"predecessor-version":[{"id":1676,"href":"https:\/\/ircamex.com\/en\/wp-json\/wp\/v2\/pages\/1528\/revisions\/1676"}],"wp:featuredmedia":[{"embeddable":true,"href":"https:\/\/ircamex.com\/en\/wp-json\/wp\/v2\/media\/1530"}],"wp:attachment":[{"href":"https:\/\/ircamex.com\/en\/wp-json\/wp\/v2\/media?parent=1528"}],"curies":[{"name":"wp","href":"https:\/\/api.w.org\/{rel}","templated":true}]}}