{"id":1532,"date":"2018-05-27T19:47:44","date_gmt":"2018-05-27T17:47:44","guid":{"rendered":"https:\/\/ircamex.com\/votre-activite\/"},"modified":"2021-08-01T16:57:34","modified_gmt":"2021-08-01T14:57:34","slug":"your-activity","status":"publish","type":"page","link":"https:\/\/ircamex.com\/en\/your-activity\/","title":{"rendered":"Your activity"},"content":{"rendered":"<section class=\"l-section wpb_row cut left orange demi-coupe-filigrane height_medium color_alternate with_img\"><div class=\"l-section-img\" role=\"img\" data-img-width=\"3000\" data-img-height=\"1600\" style=\"background-image: url(https:\/\/ircamex.com\/wp-content\/uploads\/2018\/09\/fond-wires.png);background-position: top center;background-repeat: no-repeat;\"><\/div><div class=\"l-section-h i-cf\"><div class=\"g-cols vc_row via_flex valign_top type_default stacking_default\"><div class=\"vc_col-sm-12 wpb_column vc_column_container\"><div class=\"vc_column-inner\"><div class=\"wpb_wrapper\"><div class=\"g-cols wpb_row via_flex valign_top type_default stacking_default\"><div class=\"vc_col-sm-12 wpb_column vc_column_container\"><div class=\"vc_column-inner\"><div class=\"wpb_wrapper\"><div class=\"wpb_text_column\"><div class=\"wpb_wrapper\"><h1 class=\"underline\" style=\"text-align: center;\">Operator, Maintenance Advisor, QHSE Advisor, Energy Guarantor, Technical Expert &#8230;<br \/>\nOur service offer may be of great interest to you!<\/h1>\n<\/div><\/div><\/div><\/div><\/div><\/div><div class=\"w-separator size_large\"><\/div><div class=\"g-cols wpb_row activites via_flex valign_top type_default stacking_default\"><div class=\"vc_col-sm-6 wpb_column vc_column_container\"><div class=\"vc_column-inner\"><div class=\"wpb_wrapper\"><div class=\"w-image align_center\"><a href=\"\/votre-activite\/haute-tension\/\" aria-label=\"haute-tension\" class=\"w-image-h\"><img decoding=\"async\" width=\"680\" height=\"680\" src=\"https:\/\/ircamex.com\/wp-content\/uploads\/2018\/09\/haute-tension.png\" class=\"attachment-full size-full\" alt=\"\" loading=\"lazy\" srcset=\"https:\/\/ircamex.com\/wp-content\/uploads\/2018\/09\/haute-tension.png 680w, https:\/\/ircamex.com\/wp-content\/uploads\/2018\/09\/haute-tension-150x150.png 150w, https:\/\/ircamex.com\/wp-content\/uploads\/2018\/09\/haute-tension-300x300.png 300w, https:\/\/ircamex.com\/wp-content\/uploads\/2018\/09\/haute-tension-350x350.png 350w, https:\/\/ircamex.com\/wp-content\/uploads\/2018\/09\/haute-tension-600x600.png 600w\" sizes=\"auto, (max-width: 680px) 100vw, 680px\" \/><\/a><\/div><div class=\"wpb_text_column\"><div class=\"wpb_wrapper\"><h2 style=\"text-align: center;\">High voltage<\/h2>\n<p style=\"text-align: center;\"><strong>Since 2010<\/strong>, we have been working closely with our clients focusing on the operation and maintenance of high voltage equipment.<\/p>\n<p style=\"text-align: center;\"><strong>Our expertise<\/strong>\u00a0has developed through the inspection of more than 4000 GIS high voltage installations while also\u00a0<strong>researching leaks of Sulphur Hexafluoride gas (SF6)<\/strong>.<br \/>\nThrough this,\u00a0<strong>our proficiency<\/strong>\u00a0in the\u00a0<strong>locating\u00a0<\/strong>and<strong>\u00a0sealing of gas leaks<\/strong>\u00a0was born.<\/p>\n<p style=\"text-align: center;\">Today, we have\u00a0<strong>the largest and most diverse range of solutions on the market<\/strong>.<\/p>\n<\/div><\/div><div class=\"w-btn-wrapper align_center\"><a class=\"w-btn us-btn-style_3 us_custom_1e0e9307\" href=\"\/en\/your-activity\/hight-voltage\/\"><span class=\"w-btn-label\">Discover our solutions<\/span><\/a><\/div><\/div><\/div><\/div><div class=\"vc_col-sm-6 wpb_column vc_column_container\"><div class=\"vc_column-inner\"><div class=\"wpb_wrapper\"><div class=\"w-image align_center\"><a href=\"\/votre-activite\/industrie\/\" aria-label=\"industrie\" class=\"w-image-h\"><img decoding=\"async\" width=\"680\" height=\"680\" src=\"https:\/\/ircamex.com\/wp-content\/uploads\/2018\/09\/industrie.png\" class=\"attachment-full size-full\" alt=\"\" loading=\"lazy\" srcset=\"https:\/\/ircamex.com\/wp-content\/uploads\/2018\/09\/industrie.png 680w, https:\/\/ircamex.com\/wp-content\/uploads\/2018\/09\/industrie-150x150.png 150w, https:\/\/ircamex.com\/wp-content\/uploads\/2018\/09\/industrie-300x300.png 300w, https:\/\/ircamex.com\/wp-content\/uploads\/2018\/09\/industrie-350x350.png 350w, https:\/\/ircamex.com\/wp-content\/uploads\/2018\/09\/industrie-600x600.png 600w\" sizes=\"auto, (max-width: 680px) 100vw, 680px\" \/><\/a><\/div><div class=\"wpb_text_column\"><div class=\"wpb_wrapper\"><h2 style=\"text-align: center;\">Industry<\/h2>\n<p style=\"text-align: center;\"><strong>Since 2010<\/strong>, we have supported our clients in their annual maintenance through the introduction of\u00a0<strong>routine inspections for leaks of both solvents and gases<\/strong>.<\/p>\n<p style=\"text-align: center;\">No matter the size of your operation, we appreciate that your main concerns are always the same: safety, reliability, environmental impact,\u2026<\/p>\n<p style=\"text-align: center;\">It is\u00a0<strong>our aim<\/strong>\u00a0to provide a range of solutions developed for high voltage applications, to detect and seal leaks for industrial processes and customers.<\/p>\n<\/div><\/div><div class=\"w-btn-wrapper align_center\"><a class=\"w-btn us-btn-style_3 us_custom_1e0e9307\" href=\"\/en\/your-activity\/industry\/\"><span class=\"w-btn-label\">Discover our solutions<\/span><\/a><\/div><\/div><\/div><\/div><\/div><\/div><\/div><\/div><\/div><\/div><\/section><section class=\"l-section wpb_row us_custom_ac7b3fab cut left gradient has_text_color height_medium\"><div class=\"l-section-h i-cf\"><div class=\"g-cols vc_row via_flex valign_top type_default stacking_default\"><div class=\"vc_col-sm-12 wpb_column vc_column_container\"><div class=\"vc_column-inner\"><div class=\"wpb_wrapper\"><div class=\"wpb_text_column\"><div class=\"wpb_wrapper\"><h1 class=\"underline\" style=\"text-align: center;\">Regulations<\/h1>\n<\/div><\/div><div class=\"w-separator size_large\"><\/div><div class=\"g-cols wpb_row via_flex valign_top type_default stacking_default\"><div class=\"vc_col-sm-3 wpb_column vc_column_container\"><div class=\"vc_column-inner\"><div class=\"wpb_wrapper\"><div class=\"w-image align_none\"><div class=\"w-image-h\"><img decoding=\"async\" width=\"1000\" height=\"750\" src=\"https:\/\/ircamex.com\/wp-content\/uploads\/2018\/10\/ircamex-protocole-kyoto.jpg\" class=\"attachment-full size-full\" alt=\"\" loading=\"lazy\" srcset=\"https:\/\/ircamex.com\/wp-content\/uploads\/2018\/10\/ircamex-protocole-kyoto.jpg 1000w, https:\/\/ircamex.com\/wp-content\/uploads\/2018\/10\/ircamex-protocole-kyoto-300x225.jpg 300w\" sizes=\"auto, (max-width: 1000px) 100vw, 1000px\" \/><\/div><\/div><\/div><\/div><\/div><div class=\"vc_col-sm-9 wpb_column vc_column_container\"><div class=\"vc_column-inner\"><div class=\"wpb_wrapper\"><div class=\"wpb_text_column\"><div class=\"wpb_wrapper\"><h2>Our global awareness<\/h2>\n<p>The global awareness of climate change and of an \u201cecological heritage\u201d to be preserved for future generations, has pushed legislators to tighten checks made on materials and to increase sustainable development in industry.<br \/>\nThe Kyoto Protocol remains the most fundamental example of the global commitment to this more environmentally aware future with 192 countries ratifying the treaty by the end of 2012.<\/p>\n<\/div><\/div><\/div><\/div><\/div><\/div><div class=\"w-separator size_large with_line width_default thick_1 style_solid color_secondary align_center\"><div class=\"w-separator-h\"><\/div><\/div><div class=\"g-cols wpb_row flip via_flex valign_top type_default stacking_default\"><div class=\"vc_col-sm-3 wpb_column vc_column_container\"><div class=\"vc_column-inner\"><div class=\"wpb_wrapper\"><div class=\"w-image align_none\"><div class=\"w-image-h\"><img decoding=\"async\" width=\"1000\" height=\"750\" src=\"https:\/\/ircamex.com\/wp-content\/uploads\/2018\/10\/ircamex-reglementation-emission-gaz.jpg\" class=\"attachment-full size-full\" alt=\"\" loading=\"lazy\" srcset=\"https:\/\/ircamex.com\/wp-content\/uploads\/2018\/10\/ircamex-reglementation-emission-gaz.jpg 1000w, https:\/\/ircamex.com\/wp-content\/uploads\/2018\/10\/ircamex-reglementation-emission-gaz-300x225.jpg 300w\" sizes=\"auto, (max-width: 1000px) 100vw, 1000px\" \/><\/div><\/div><\/div><\/div><\/div><div class=\"vc_col-sm-9 wpb_column vc_column_container\"><div class=\"vc_column-inner\"><div class=\"wpb_wrapper\"><div class=\"wpb_text_column\"><div class=\"wpb_wrapper\"><h2>Evolving Regulations<\/h2>\n<p>Regulations change periodically to allow the industrial sectors concerned to gradually make the necessary changes.<br \/>\nAn economic and societal issue, the monitoring and reporting of gas emissions are part of the legal obligations imposed by public authorities.<\/p>\n<\/div><\/div><\/div><\/div><\/div><\/div><\/div><\/div><\/div><\/div><\/div><\/section><section class=\"l-section wpb_row cut right orange height_medium color_alternate\"><div class=\"l-section-h i-cf\"><div class=\"g-cols vc_row via_flex valign_top type_default stacking_default\"><div class=\"vc_col-sm-12 wpb_column vc_column_container\"><div class=\"vc_column-inner\"><div class=\"wpb_wrapper\"><div class=\"wpb_text_column\" id=\"a\"><div class=\"wpb_wrapper\"><h1 class=\"underline\" style=\"text-align: center;\">News: regulations<\/h1>\n<\/div><\/div><div class=\"w-separator size_large\"><\/div><div class=\"g-cols wpb_row via_flex valign_top type_default stacking_default\"><div class=\"vc_col-sm-12 wpb_column vc_column_container\"><div class=\"vc_column-inner\"><div class=\"wpb_wrapper\"><div class=\"w-grid type_grid layout_104 hidden cols_3\" id=\"us_grid_1\" style=\"--columns:3;--gap:1.5rem;\" data-filterable=\"true\"><style>@media (max-width:1024px){#us_grid_1{--columns:2!important}}@media (max-width:600px){#us_grid_1{--columns:1!important}}.layout_104 .w-grid-item-h{}.layout_104 .usg_post_image_1{margin-bottom:1rem!important}.layout_104 .usg_post_content_1{margin-top:0.5rem!important}.layout_104 .usg_post_title_1{font-family:var(--h1-font-family)!important;font-size:1.2rem!important;text-transform:uppercase!important}<\/style><div class=\"w-grid-list\"><\/div><div class=\"w-grid-preloader\">\t<div class=\"g-preloader type_1\">\r\n\t\t<div><\/div>\r\n\t<\/div>\r\n\t<\/div>\t<div class=\"w-grid-json hidden\" onclick='return {&quot;action&quot;:&quot;us_ajax_grid&quot;,&quot;infinite_scroll&quot;:0,&quot;max_num_pages&quot;:0,&quot;pagination&quot;:&quot;none&quot;,&quot;template_vars&quot;:{&quot;columns&quot;:&quot;3&quot;,&quot;exclude_items&quot;:&quot;none&quot;,&quot;img_size&quot;:&quot;default&quot;,&quot;ignore_items_size&quot;:0,&quot;items_layout&quot;:&quot;104&quot;,&quot;items_offset&quot;:&quot;1&quot;,&quot;load_animation&quot;:&quot;none&quot;,&quot;overriding_link&quot;:&quot;{\\&quot;url\\&quot;:\\&quot;\\&quot;}&quot;,&quot;post_id&quot;:0,&quot;query_args&quot;:{&quot;post_type&quot;:[&quot;post&quot;],&quot;tax_query&quot;:[{&quot;taxonomy&quot;:&quot;category&quot;,&quot;field&quot;:&quot;slug&quot;,&quot;terms&quot;:[&quot;reglementations&quot;]}],&quot;post_status&quot;:[&quot;publish&quot;,&quot;expired&quot;,&quot;acf-disabled&quot;],&quot;posts_per_page&quot;:&quot;3&quot;},&quot;orderby_query_args&quot;:{&quot;orderby&quot;:{&quot;date&quot;:&quot;DESC&quot;}},&quot;type&quot;:&quot;grid&quot;,&quot;us_grid_post_type&quot;:&quot;post&quot;,&quot;us_grid_ajax_index&quot;:1,&quot;us_grid_filter_query_string&quot;:null,&quot;us_grid_index&quot;:1,&quot;page_args&quot;:[],&quot;lang&quot;:&quot;en&quot;}}'><\/div>\r\n\t<\/div><div class=\"w-grid-none type_message\">No results found.<\/div><\/div><\/div><\/div><\/div><\/div><\/div><\/div><\/div><\/div><\/section>\n","protected":false},"excerpt":{"rendered":"Operator, Maintenance Advisor, QHSE Advisor, Energy Guarantor, Technical Expert &#8230; Our service offer may be of great interest to you! High voltage Since 2010, we have been working closely with our clients focusing on the operation and maintenance of high voltage equipment. Our expertise\u00a0has developed through the inspection of more than 4000 GIS high voltage...","protected":false},"author":2,"featured_media":1533,"parent":0,"menu_order":3,"comment_status":"closed","ping_status":"closed","template":"","meta":{"_acf_changed":false,"footnotes":""},"class_list":["post-1532","page","type-page","status-publish","has-post-thumbnail","hentry"],"acf":[],"yoast_head":"<!-- This site is optimized with the Yoast SEO plugin v25.2 - https:\/\/yoast.com\/wordpress\/plugins\/seo\/ -->\n<title>IRCAMEX, sp\u00e9cialiste d\u00e9tection fuites de gaz et syst\u00e8mes de confinement<\/title>\n<meta name=\"description\" content=\"Exploitant, r\u00e9f\u00e9rent QHSE, Garant \u00c9nergie,... Notre offre de d\u00e9tection de fuites de gaz et de syst\u00e8mes confinement est faite pour vous !\" \/>\n<meta name=\"robots\" content=\"index, follow, max-snippet:-1, max-image-preview:large, max-video-preview:-1\" \/>\n<link rel=\"canonical\" href=\"https:\/\/ircamex.com\/en\/your-activity\/\" \/>\n<meta property=\"og:locale\" content=\"en_US\" \/>\n<meta property=\"og:type\" content=\"article\" \/>\n<meta property=\"og:title\" content=\"IRCAMEX, sp\u00e9cialiste d\u00e9tection fuites de gaz et syst\u00e8mes de confinement\" \/>\n<meta property=\"og:description\" content=\"Exploitant, r\u00e9f\u00e9rent QHSE, Garant \u00c9nergie,... Notre offre de d\u00e9tection de fuites de gaz et de syst\u00e8mes confinement est faite pour vous !\" \/>\n<meta property=\"og:url\" content=\"https:\/\/ircamex.com\/en\/your-activity\/\" \/>\n<meta property=\"og:site_name\" content=\"Ircamex\" \/>\n<meta property=\"article:modified_time\" content=\"2021-08-01T14:57:34+00:00\" \/>\n<meta property=\"og:image\" content=\"https:\/\/ircamex.com\/wp-content\/uploads\/2018\/10\/ircamex-detecter-sf6-haute-tension-1.jpg\" \/>\n\t<meta property=\"og:image:width\" content=\"1000\" \/>\n\t<meta property=\"og:image:height\" content=\"750\" \/>\n\t<meta property=\"og:image:type\" content=\"image\/jpeg\" \/>\n<meta name=\"twitter:card\" content=\"summary_large_image\" \/>\n<meta name=\"twitter:label1\" content=\"Est. reading time\" \/>\n\t<meta name=\"twitter:data1\" content=\"2 minutes\" \/>\n<script type=\"application\/ld+json\" class=\"yoast-schema-graph\">{\"@context\":\"https:\/\/schema.org\",\"@graph\":[{\"@type\":\"WebPage\",\"@id\":\"https:\/\/ircamex.com\/en\/your-activity\/\",\"url\":\"https:\/\/ircamex.com\/en\/your-activity\/\",\"name\":\"IRCAMEX, sp\u00e9cialiste d\u00e9tection fuites de gaz et syst\u00e8mes de confinement\",\"isPartOf\":{\"@id\":\"https:\/\/ircamex.com\/#website\"},\"primaryImageOfPage\":{\"@id\":\"https:\/\/ircamex.com\/en\/your-activity\/#primaryimage\"},\"image\":{\"@id\":\"https:\/\/ircamex.com\/en\/your-activity\/#primaryimage\"},\"thumbnailUrl\":\"https:\/\/ircamex.com\/wp-content\/uploads\/2018\/10\/ircamex-detecter-sf6-haute-tension-1.jpg\",\"datePublished\":\"2018-05-27T17:47:44+00:00\",\"dateModified\":\"2021-08-01T14:57:34+00:00\",\"description\":\"Exploitant, r\u00e9f\u00e9rent QHSE, Garant \u00c9nergie,... Notre offre de d\u00e9tection de fuites de gaz et de syst\u00e8mes confinement est faite pour vous !\",\"breadcrumb\":{\"@id\":\"https:\/\/ircamex.com\/en\/your-activity\/#breadcrumb\"},\"inLanguage\":\"en-US\",\"potentialAction\":[{\"@type\":\"ReadAction\",\"target\":[\"https:\/\/ircamex.com\/en\/your-activity\/\"]}]},{\"@type\":\"ImageObject\",\"inLanguage\":\"en-US\",\"@id\":\"https:\/\/ircamex.com\/en\/your-activity\/#primaryimage\",\"url\":\"https:\/\/ircamex.com\/wp-content\/uploads\/2018\/10\/ircamex-detecter-sf6-haute-tension-1.jpg\",\"contentUrl\":\"https:\/\/ircamex.com\/wp-content\/uploads\/2018\/10\/ircamex-detecter-sf6-haute-tension-1.jpg\",\"width\":1000,\"height\":750},{\"@type\":\"BreadcrumbList\",\"@id\":\"https:\/\/ircamex.com\/en\/your-activity\/#breadcrumb\",\"itemListElement\":[{\"@type\":\"ListItem\",\"position\":1,\"name\":\"Accueil\",\"item\":\"https:\/\/ircamex.com\/en\/\"},{\"@type\":\"ListItem\",\"position\":2,\"name\":\"Your activity\"}]},{\"@type\":\"WebSite\",\"@id\":\"https:\/\/ircamex.com\/#website\",\"url\":\"https:\/\/ircamex.com\/\",\"name\":\"Ircamex\",\"description\":\"Gas Detection &amp; Confining Systems\",\"publisher\":{\"@id\":\"https:\/\/ircamex.com\/#organization\"},\"potentialAction\":[{\"@type\":\"SearchAction\",\"target\":{\"@type\":\"EntryPoint\",\"urlTemplate\":\"https:\/\/ircamex.com\/?s={search_term_string}\"},\"query-input\":{\"@type\":\"PropertyValueSpecification\",\"valueRequired\":true,\"valueName\":\"search_term_string\"}}],\"inLanguage\":\"en-US\"},{\"@type\":\"Organization\",\"@id\":\"https:\/\/ircamex.com\/#organization\",\"name\":\"IRCAMEX\",\"url\":\"https:\/\/ircamex.com\/\",\"logo\":{\"@type\":\"ImageObject\",\"inLanguage\":\"en-US\",\"@id\":\"https:\/\/ircamex.com\/#\/schema\/logo\/image\/\",\"url\":\"https:\/\/ircamex.com\/wp-content\/uploads\/2018\/05\/2018.10.03-LOGO-RVB.svg\",\"contentUrl\":\"https:\/\/ircamex.com\/wp-content\/uploads\/2018\/05\/2018.10.03-LOGO-RVB.svg\",\"width\":\"1024\",\"height\":\"1024\",\"caption\":\"IRCAMEX\"},\"image\":{\"@id\":\"https:\/\/ircamex.com\/#\/schema\/logo\/image\/\"}}]}<\/script>\n<!-- \/ Yoast SEO plugin. -->","yoast_head_json":{"title":"IRCAMEX, sp\u00e9cialiste d\u00e9tection fuites de gaz et syst\u00e8mes de confinement","description":"Exploitant, r\u00e9f\u00e9rent QHSE, Garant \u00c9nergie,... Notre offre de d\u00e9tection de fuites de gaz et de syst\u00e8mes confinement est faite pour vous !","robots":{"index":"index","follow":"follow","max-snippet":"max-snippet:-1","max-image-preview":"max-image-preview:large","max-video-preview":"max-video-preview:-1"},"canonical":"https:\/\/ircamex.com\/en\/your-activity\/","og_locale":"en_US","og_type":"article","og_title":"IRCAMEX, sp\u00e9cialiste d\u00e9tection fuites de gaz et syst\u00e8mes de confinement","og_description":"Exploitant, r\u00e9f\u00e9rent QHSE, Garant \u00c9nergie,... Notre offre de d\u00e9tection de fuites de gaz et de syst\u00e8mes confinement est faite pour vous !","og_url":"https:\/\/ircamex.com\/en\/your-activity\/","og_site_name":"Ircamex","article_modified_time":"2021-08-01T14:57:34+00:00","og_image":[{"width":1000,"height":750,"url":"https:\/\/ircamex.com\/wp-content\/uploads\/2018\/10\/ircamex-detecter-sf6-haute-tension-1.jpg","type":"image\/jpeg"}],"twitter_card":"summary_large_image","twitter_misc":{"Est. reading time":"2 minutes"},"schema":{"@context":"https:\/\/schema.org","@graph":[{"@type":"WebPage","@id":"https:\/\/ircamex.com\/en\/your-activity\/","url":"https:\/\/ircamex.com\/en\/your-activity\/","name":"IRCAMEX, sp\u00e9cialiste d\u00e9tection fuites de gaz et syst\u00e8mes de confinement","isPartOf":{"@id":"https:\/\/ircamex.com\/#website"},"primaryImageOfPage":{"@id":"https:\/\/ircamex.com\/en\/your-activity\/#primaryimage"},"image":{"@id":"https:\/\/ircamex.com\/en\/your-activity\/#primaryimage"},"thumbnailUrl":"https:\/\/ircamex.com\/wp-content\/uploads\/2018\/10\/ircamex-detecter-sf6-haute-tension-1.jpg","datePublished":"2018-05-27T17:47:44+00:00","dateModified":"2021-08-01T14:57:34+00:00","description":"Exploitant, r\u00e9f\u00e9rent QHSE, Garant \u00c9nergie,... Notre offre de d\u00e9tection de fuites de gaz et de syst\u00e8mes confinement est faite pour vous !","breadcrumb":{"@id":"https:\/\/ircamex.com\/en\/your-activity\/#breadcrumb"},"inLanguage":"en-US","potentialAction":[{"@type":"ReadAction","target":["https:\/\/ircamex.com\/en\/your-activity\/"]}]},{"@type":"ImageObject","inLanguage":"en-US","@id":"https:\/\/ircamex.com\/en\/your-activity\/#primaryimage","url":"https:\/\/ircamex.com\/wp-content\/uploads\/2018\/10\/ircamex-detecter-sf6-haute-tension-1.jpg","contentUrl":"https:\/\/ircamex.com\/wp-content\/uploads\/2018\/10\/ircamex-detecter-sf6-haute-tension-1.jpg","width":1000,"height":750},{"@type":"BreadcrumbList","@id":"https:\/\/ircamex.com\/en\/your-activity\/#breadcrumb","itemListElement":[{"@type":"ListItem","position":1,"name":"Accueil","item":"https:\/\/ircamex.com\/en\/"},{"@type":"ListItem","position":2,"name":"Your activity"}]},{"@type":"WebSite","@id":"https:\/\/ircamex.com\/#website","url":"https:\/\/ircamex.com\/","name":"Ircamex","description":"Gas Detection &amp; Confining Systems","publisher":{"@id":"https:\/\/ircamex.com\/#organization"},"potentialAction":[{"@type":"SearchAction","target":{"@type":"EntryPoint","urlTemplate":"https:\/\/ircamex.com\/?s={search_term_string}"},"query-input":{"@type":"PropertyValueSpecification","valueRequired":true,"valueName":"search_term_string"}}],"inLanguage":"en-US"},{"@type":"Organization","@id":"https:\/\/ircamex.com\/#organization","name":"IRCAMEX","url":"https:\/\/ircamex.com\/","logo":{"@type":"ImageObject","inLanguage":"en-US","@id":"https:\/\/ircamex.com\/#\/schema\/logo\/image\/","url":"https:\/\/ircamex.com\/wp-content\/uploads\/2018\/05\/2018.10.03-LOGO-RVB.svg","contentUrl":"https:\/\/ircamex.com\/wp-content\/uploads\/2018\/05\/2018.10.03-LOGO-RVB.svg","width":"1024","height":"1024","caption":"IRCAMEX"},"image":{"@id":"https:\/\/ircamex.com\/#\/schema\/logo\/image\/"}}]}},"_links":{"self":[{"href":"https:\/\/ircamex.com\/en\/wp-json\/wp\/v2\/pages\/1532","targetHints":{"allow":["GET"]}}],"collection":[{"href":"https:\/\/ircamex.com\/en\/wp-json\/wp\/v2\/pages"}],"about":[{"href":"https:\/\/ircamex.com\/en\/wp-json\/wp\/v2\/types\/page"}],"author":[{"embeddable":true,"href":"https:\/\/ircamex.com\/en\/wp-json\/wp\/v2\/users\/2"}],"replies":[{"embeddable":true,"href":"https:\/\/ircamex.com\/en\/wp-json\/wp\/v2\/comments?post=1532"}],"version-history":[{"count":6,"href":"https:\/\/ircamex.com\/en\/wp-json\/wp\/v2\/pages\/1532\/revisions"}],"predecessor-version":[{"id":1865,"href":"https:\/\/ircamex.com\/en\/wp-json\/wp\/v2\/pages\/1532\/revisions\/1865"}],"wp:featuredmedia":[{"embeddable":true,"href":"https:\/\/ircamex.com\/en\/wp-json\/wp\/v2\/media\/1533"}],"wp:attachment":[{"href":"https:\/\/ircamex.com\/en\/wp-json\/wp\/v2\/media?parent=1532"}],"curies":[{"name":"wp","href":"https:\/\/api.w.org\/{rel}","templated":true}]}}